{"id":250,"date":"2022-03-07T14:20:33","date_gmt":"2022-03-07T17:20:33","guid":{"rendered":"https:\/\/coordenadoriadamulher.campinagrande.pb.gov.br\/?page_id=250"},"modified":"2022-03-07T15:02:08","modified_gmt":"2022-03-07T18:02:08","slug":"qualifica-mulher","status":"publish","type":"page","link":"https:\/\/coordenadoriadamulher.campinagrande.pb.gov.br\/?page_id=250","title":{"rendered":"Qualifica Mulher"},"content":{"rendered":"<p>O Qualifica Mulher, \u00e9 um Projeto desenvolvido em parceria com o Governo Federal, que visa fomentar o empreendedorismo feminino, atrav\u00e9s de cursos de capacita\u00e7\u00e3o profissional.O objetivo \u00e9 inserir as mulheres no mercado de trabalho, e trazer mais autonomia financeira para elas.<\/p>\n<p>Est\u00e3o sendo ofertadas 1.950 vagas em treze cursos profissionalizantes.<\/p>\n<p data-raofz=\"15\"><strong>Conhe\u00e7a os cursos dispon\u00edveis<\/strong><\/p>\n<ul>\n<li data-raofz=\"15\">Educa\u00e7\u00e3o Financeira para mulheres empreendedoras;<\/li>\n<li data-raofz=\"15\">Formaliza\u00e7\u00e3o para Mulheres empreendedoras;<\/li>\n<li data-raofz=\"15\">Marketing digital para Mulheres empreendedoras;<\/li>\n<li data-raofz=\"15\">Empreendedoras da beleza;<\/li>\n<li data-raofz=\"15\">Artesanato e Costura \u2013 Esse \u00e9 o meu neg\u00f3cio;<\/li>\n<li data-raofz=\"15\">Como inovar em tempos de crise;<\/li>\n<li data-raofz=\"15\">Prepare-se para conseguir cr\u00e9dito;<\/li>\n<li data-raofz=\"15\">Como ter sucesso nas vendas on-line;<\/li>\n<li data-raofz=\"15\">Como cuidar do Dinheiro do seu neg\u00f3cio;<\/li>\n<li data-raofz=\"15\">Empreender modo on;<\/li>\n<li data-raofz=\"15\">Porque voc\u00ea e todo mundo pode empreender;<\/li>\n<li data-raofz=\"15\">Empreendedorismo e empoderamento feminino.<\/li>\n<\/ul>\n<p>FA\u00c7A A SUA INSCRI\u00c7\u00c3O <a href=\"https:\/\/evento.aliancaempreendedora.org.br\/snpm-landing-page\">CLIQUE AQUI<\/a><\/p>\n    <!-- sktbuilder starter --><script type=\"text\/javascript\" src=\"https:\/\/coordenadoriadamulher.campinagrande.pb.gov.br\/wp-content\/plugins\/skt-builder\/sktbuilder\/sktbuilder-frontend-starter.js\"><\/script><script type=\"text\/javascript\" src=\"https:\/\/coordenadoriadamulher.campinagrande.pb.gov.br\/wp-content\/plugins\/skt-builder\/sktbuilder-wordpress-driver.js\"><\/script><script type=\"text\/javascript\"> var starter = new SktbuilderStarter({\"mode\": \"prod\", \"skip\":[\"jquery\",\"underscore\",\"backbone\"],\"sktbuilderUrl\": \"https:\/\/coordenadoriadamulher.campinagrande.pb.gov.br\/wp-content\/plugins\/skt-builder\/sktbuilder\/\", \"driver\": new SktbuilderWordpressDriver({\"ajaxUrl\": \"https:\/\/coordenadoriadamulher.campinagrande.pb.gov.br\/wp-admin\/admin-ajax.php\", \"iframeUrl\": \"https:\/\/coordenadoriadamulher.campinagrande.pb.gov.br\/?page_id=250&sktbuilder=true\", \"pageId\": 250, \"pages\": [{\"title\":\"Home\",\"url\":\"https:\\\/\\\/coordenadoriadamulher.campinagrande.pb.gov.br\\\/wp-admin\\\/post.php?post=8&action=sktbuilder\"},{\"title\":\"Equipe\",\"url\":\"https:\\\/\\\/coordenadoriadamulher.campinagrande.pb.gov.br\\\/wp-admin\\\/post.php?post=88&action=sktbuilder\"},{\"title\":\"Contato\",\"url\":\"https:\\\/\\\/coordenadoriadamulher.campinagrande.pb.gov.br\\\/wp-admin\\\/post.php?post=192&action=sktbuilder\"}], \"page\": \"Qualifica Mulher\" }) });<\/script><!-- end sktbuilder starter -->","protected":false},"excerpt":{"rendered":"<p>O Qualifica Mulher, \u00e9 um Projeto desenvolvido em parceria com o Governo Federal, que visa fomentar o empreendedorismo feminino, atrav\u00e9s de cursos de capacita\u00e7\u00e3o profissional.O objetivo \u00e9 inserir as mulheres no mercado de trabalho, e trazer mais autonomia financeira para elas. Est\u00e3o sendo ofertadas 1.950 vagas em treze cursos profissionalizantes. Conhe\u00e7a os cursos dispon\u00edveis Educa\u00e7\u00e3o<br \/><a class=\"moretag\" href=\"https:\/\/coordenadoriadamulher.campinagrande.pb.gov.br\/?page_id=250\">+ Read More<\/a><\/p>\n","protected":false},"author":2,"featured_media":62,"parent":0,"menu_order":0,"comment_status":"closed","ping_status":"closed","template":"","meta":{"footnotes":""},"class_list":["post-250","page","type-page","status-publish","has-post-thumbnail","hentry"],"rttpg_featured_image_url":{"full":["https:\/\/coordenadoriadamulher.campinagrande.pb.gov.br\/wp-content\/uploads\/2022\/02\/textura-1.jpg",1400,789,false],"landscape":["https:\/\/coordenadoriadamulher.campinagrande.pb.gov.br\/wp-content\/uploads\/2022\/02\/textura-1.jpg",1400,789,false],"portraits":["https:\/\/coordenadoriadamulher.campinagrande.pb.gov.br\/wp-content\/uploads\/2022\/02\/textura-1.jpg",1400,789,false],"thumbnail":["https:\/\/coordenadoriadamulher.campinagrande.pb.gov.br\/wp-content\/uploads\/2022\/02\/textura-1.jpg",150,85,false],"medium":["https:\/\/coordenadoriadamulher.campinagrande.pb.gov.br\/wp-content\/uploads\/2022\/02\/textura-1.jpg",300,169,false],"large":["https:\/\/coordenadoriadamulher.campinagrande.pb.gov.br\/wp-content\/uploads\/2022\/02\/textura-1.jpg",1024,577,false],"1536x1536":["https:\/\/coordenadoriadamulher.campinagrande.pb.gov.br\/wp-content\/uploads\/2022\/02\/textura-1.jpg",1400,789,false],"2048x2048":["https:\/\/coordenadoriadamulher.campinagrande.pb.gov.br\/wp-content\/uploads\/2022\/02\/textura-1.jpg",1400,789,false],"complete_thumb":["https:\/\/coordenadoriadamulher.campinagrande.pb.gov.br\/wp-content\/uploads\/2022\/02\/textura-1.jpg",400,225,false],"footerthumb":["https:\/\/coordenadoriadamulher.campinagrande.pb.gov.br\/wp-content\/uploads\/2022\/02\/textura-1.jpg",72,41,false]},"rttpg_author":{"display_name":"Reda\u00e7\u00e3o CDM","author_link":"https:\/\/coordenadoriadamulher.campinagrande.pb.gov.br\/?author=2"},"rttpg_comment":0,"rttpg_category":null,"rttpg_excerpt":"O Qualifica Mulher, \u00e9 um Projeto desenvolvido em parceria com o Governo Federal, que visa fomentar o empreendedorismo feminino, atrav\u00e9s de cursos de capacita\u00e7\u00e3o profissional.O objetivo \u00e9 inserir as mulheres no mercado de trabalho, e trazer mais autonomia financeira para elas. Est\u00e3o sendo ofertadas 1.950 vagas em treze cursos profissionalizantes. Conhe\u00e7a os cursos dispon\u00edveis Educa\u00e7\u00e3o+&hellip;","_links":{"self":[{"href":"https:\/\/coordenadoriadamulher.campinagrande.pb.gov.br\/index.php?rest_route=\/wp\/v2\/pages\/250","targetHints":{"allow":["GET"]}}],"collection":[{"href":"https:\/\/coordenadoriadamulher.campinagrande.pb.gov.br\/index.php?rest_route=\/wp\/v2\/pages"}],"about":[{"href":"https:\/\/coordenadoriadamulher.campinagrande.pb.gov.br\/index.php?rest_route=\/wp\/v2\/types\/page"}],"author":[{"embeddable":true,"href":"https:\/\/coordenadoriadamulher.campinagrande.pb.gov.br\/index.php?rest_route=\/wp\/v2\/users\/2"}],"replies":[{"embeddable":true,"href":"https:\/\/coordenadoriadamulher.campinagrande.pb.gov.br\/index.php?rest_route=%2Fwp%2Fv2%2Fcomments&post=250"}],"version-history":[{"count":3,"href":"https:\/\/coordenadoriadamulher.campinagrande.pb.gov.br\/index.php?rest_route=\/wp\/v2\/pages\/250\/revisions"}],"predecessor-version":[{"id":254,"href":"https:\/\/coordenadoriadamulher.campinagrande.pb.gov.br\/index.php?rest_route=\/wp\/v2\/pages\/250\/revisions\/254"}],"wp:featuredmedia":[{"embeddable":true,"href":"https:\/\/coordenadoriadamulher.campinagrande.pb.gov.br\/index.php?rest_route=\/wp\/v2\/media\/62"}],"wp:attachment":[{"href":"https:\/\/coordenadoriadamulher.campinagrande.pb.gov.br\/index.php?rest_route=%2Fwp%2Fv2%2Fmedia&parent=250"}],"curies":[{"name":"wp","href":"https:\/\/api.w.org\/{rel}","templated":true}]}}