{"id":86,"date":"2022-02-15T09:16:15","date_gmt":"2022-02-15T12:16:15","guid":{"rendered":"http:\/\/45.179.89.68\/~coordm\/?page_id=86"},"modified":"2022-02-24T11:27:19","modified_gmt":"2022-02-24T14:27:19","slug":"quem-somos","status":"publish","type":"page","link":"http:\/\/coordenadoriadamulher.campinagrande.pb.gov.br\/?page_id=86","title":{"rendered":"Quem Somos"},"content":{"rendered":"\r\n<p>A Coordenadoria da Mulher \u00e9 um \u00d3rg\u00e3o da Prefeitura Municipal de Campina Grande, vinculada ao Gabinete do Prefeito, respons\u00e1vel pela promo\u00e7\u00e3o de Pol\u00edticas P\u00fablicas para Mulheres.<\/p>\r\n<h4>Diretrizes:<\/h4>\r\n<ul>\r\n<li>Atuar de forma transversal, visando reduzir gastos e otimizar os resultados;<\/li>\r\n<li>\r\n<p align=\"justify\">Atuar em rede, articulando organiza\u00e7\u00f5es p\u00fablicas e privadas na promo\u00e7\u00e3o das mulheres;<\/p>\r\n<\/li>\r\n<li>\r\n<p align=\"justify\">Promover articula\u00e7\u00e3o com os organismos internacionais;<\/p>\r\n<\/li>\r\n<li>\r\n<p align=\"justify\">Contribuir para o alcance do Objetivo 5\u00b0 da Agenda 2030 da ONU \u2013 \u201cAlcan\u00e7ar a igualdade de g\u00eanero e empoderar todas as mulheres e meninas\u201d.<\/p>\r\n<\/li>\r\n<\/ul>\r\n    <!-- sktbuilder starter --><script type=\"text\/javascript\" src=\"http:\/\/coordenadoriadamulher.campinagrande.pb.gov.br\/wp-content\/plugins\/skt-builder\/sktbuilder\/sktbuilder-frontend-starter.js\"><\/script><script type=\"text\/javascript\" src=\"http:\/\/coordenadoriadamulher.campinagrande.pb.gov.br\/wp-content\/plugins\/skt-builder\/sktbuilder-wordpress-driver.js\"><\/script><script type=\"text\/javascript\"> var starter = new SktbuilderStarter({\"mode\": \"prod\", \"skip\":[\"jquery\",\"underscore\",\"backbone\"],\"sktbuilderUrl\": \"http:\/\/coordenadoriadamulher.campinagrande.pb.gov.br\/wp-content\/plugins\/skt-builder\/sktbuilder\/\", \"driver\": new SktbuilderWordpressDriver({\"ajaxUrl\": \"http:\/\/coordenadoriadamulher.campinagrande.pb.gov.br\/wp-admin\/admin-ajax.php\", \"iframeUrl\": \"http:\/\/coordenadoriadamulher.campinagrande.pb.gov.br\/?page_id=86&sktbuilder=true\", \"pageId\": 86, \"pages\": [{\"title\":\"Home\",\"url\":\"http:\\\/\\\/coordenadoriadamulher.campinagrande.pb.gov.br\\\/wp-admin\\\/post.php?post=8&action=sktbuilder\"},{\"title\":\"Equipe\",\"url\":\"http:\\\/\\\/coordenadoriadamulher.campinagrande.pb.gov.br\\\/wp-admin\\\/post.php?post=88&action=sktbuilder\"},{\"title\":\"Contato\",\"url\":\"http:\\\/\\\/coordenadoriadamulher.campinagrande.pb.gov.br\\\/wp-admin\\\/post.php?post=192&action=sktbuilder\"}], \"page\": \"Quem Somos\" }) });<\/script><!-- end sktbuilder starter -->","protected":false},"excerpt":{"rendered":"<p>A Coordenadoria da Mulher \u00e9 um \u00d3rg\u00e3o da Prefeitura Municipal de Campina Grande, vinculada ao Gabinete do Prefeito, respons\u00e1vel pela promo\u00e7\u00e3o de Pol\u00edticas P\u00fablicas para Mulheres. Diretrizes: Atuar de forma transversal, visando reduzir gastos e otimizar os resultados; Atuar em rede, articulando organiza\u00e7\u00f5es p\u00fablicas e privadas na promo\u00e7\u00e3o das mulheres; Promover articula\u00e7\u00e3o com os organismos<br \/><a class=\"moretag\" href=\"http:\/\/coordenadoriadamulher.campinagrande.pb.gov.br\/?page_id=86\">+ Read More<\/a><\/p>\n","protected":false},"author":1,"featured_media":62,"parent":0,"menu_order":0,"comment_status":"closed","ping_status":"closed","template":"templates\/page-fullwidth_template.php","meta":{"footnotes":""},"class_list":["post-86","page","type-page","status-publish","has-post-thumbnail","hentry"],"rttpg_featured_image_url":{"full":["http:\/\/coordenadoriadamulher.campinagrande.pb.gov.br\/wp-content\/uploads\/2022\/02\/textura-1.jpg",1400,789,false],"landscape":["http:\/\/coordenadoriadamulher.campinagrande.pb.gov.br\/wp-content\/uploads\/2022\/02\/textura-1.jpg",1400,789,false],"portraits":["http:\/\/coordenadoriadamulher.campinagrande.pb.gov.br\/wp-content\/uploads\/2022\/02\/textura-1.jpg",1400,789,false],"thumbnail":["http:\/\/coordenadoriadamulher.campinagrande.pb.gov.br\/wp-content\/uploads\/2022\/02\/textura-1.jpg",150,85,false],"medium":["http:\/\/coordenadoriadamulher.campinagrande.pb.gov.br\/wp-content\/uploads\/2022\/02\/textura-1.jpg",300,169,false],"large":["http:\/\/coordenadoriadamulher.campinagrande.pb.gov.br\/wp-content\/uploads\/2022\/02\/textura-1.jpg",1024,577,false],"1536x1536":["http:\/\/coordenadoriadamulher.campinagrande.pb.gov.br\/wp-content\/uploads\/2022\/02\/textura-1.jpg",1400,789,false],"2048x2048":["http:\/\/coordenadoriadamulher.campinagrande.pb.gov.br\/wp-content\/uploads\/2022\/02\/textura-1.jpg",1400,789,false],"complete_thumb":["http:\/\/coordenadoriadamulher.campinagrande.pb.gov.br\/wp-content\/uploads\/2022\/02\/textura-1.jpg",400,225,false],"footerthumb":["http:\/\/coordenadoriadamulher.campinagrande.pb.gov.br\/wp-content\/uploads\/2022\/02\/textura-1.jpg",72,41,false]},"rttpg_author":{"display_name":"SECTI","author_link":"http:\/\/coordenadoriadamulher.campinagrande.pb.gov.br\/?author=1"},"rttpg_comment":0,"rttpg_category":null,"rttpg_excerpt":"A Coordenadoria da Mulher \u00e9 um \u00d3rg\u00e3o da Prefeitura Municipal de Campina Grande, vinculada ao Gabinete do Prefeito, respons\u00e1vel pela promo\u00e7\u00e3o de Pol\u00edticas P\u00fablicas para Mulheres. Diretrizes: Atuar de forma transversal, visando reduzir gastos e otimizar os resultados; Atuar em rede, articulando organiza\u00e7\u00f5es p\u00fablicas e privadas na promo\u00e7\u00e3o das mulheres; Promover articula\u00e7\u00e3o com os organismos+&hellip;","_links":{"self":[{"href":"http:\/\/coordenadoriadamulher.campinagrande.pb.gov.br\/index.php?rest_route=\/wp\/v2\/pages\/86","targetHints":{"allow":["GET"]}}],"collection":[{"href":"http:\/\/coordenadoriadamulher.campinagrande.pb.gov.br\/index.php?rest_route=\/wp\/v2\/pages"}],"about":[{"href":"http:\/\/coordenadoriadamulher.campinagrande.pb.gov.br\/index.php?rest_route=\/wp\/v2\/types\/page"}],"author":[{"embeddable":true,"href":"http:\/\/coordenadoriadamulher.campinagrande.pb.gov.br\/index.php?rest_route=\/wp\/v2\/users\/1"}],"replies":[{"embeddable":true,"href":"http:\/\/coordenadoriadamulher.campinagrande.pb.gov.br\/index.php?rest_route=%2Fwp%2Fv2%2Fcomments&post=86"}],"version-history":[{"count":4,"href":"http:\/\/coordenadoriadamulher.campinagrande.pb.gov.br\/index.php?rest_route=\/wp\/v2\/pages\/86\/revisions"}],"predecessor-version":[{"id":133,"href":"http:\/\/coordenadoriadamulher.campinagrande.pb.gov.br\/index.php?rest_route=\/wp\/v2\/pages\/86\/revisions\/133"}],"wp:featuredmedia":[{"embeddable":true,"href":"http:\/\/coordenadoriadamulher.campinagrande.pb.gov.br\/index.php?rest_route=\/wp\/v2\/media\/62"}],"wp:attachment":[{"href":"http:\/\/coordenadoriadamulher.campinagrande.pb.gov.br\/index.php?rest_route=%2Fwp%2Fv2%2Fmedia&parent=86"}],"curies":[{"name":"wp","href":"https:\/\/api.w.org\/{rel}","templated":true}]}}