{"id":210,"date":"2022-03-04T09:58:58","date_gmt":"2022-03-04T12:58:58","guid":{"rendered":"http:\/\/coordenadoriadamulher.campinagrande.pb.gov.br\/?page_id=210"},"modified":"2022-03-04T10:14:48","modified_gmt":"2022-03-04T13:14:48","slug":"casa-abrigo","status":"publish","type":"page","link":"http:\/\/coordenadoriadamulher.campinagrande.pb.gov.br\/?page_id=210","title":{"rendered":"Casa Abrigo"},"content":{"rendered":"<p><img loading=\"lazy\" decoding=\"async\" class=\"size-medium wp-image-163 alignleft\" src=\"http:\/\/coordenadoriadamulher.campinagrande.pb.gov.br\/wp-content\/uploads\/2022\/02\/servico2-300x300.jpg\" alt=\"\" width=\"300\" height=\"300\" srcset=\"http:\/\/coordenadoriadamulher.campinagrande.pb.gov.br\/wp-content\/uploads\/2022\/02\/servico2-300x300.jpg 300w, http:\/\/coordenadoriadamulher.campinagrande.pb.gov.br\/wp-content\/uploads\/2022\/02\/servico2-1024x1024.jpg 1024w, http:\/\/coordenadoriadamulher.campinagrande.pb.gov.br\/wp-content\/uploads\/2022\/02\/servico2-150x150.jpg 150w, http:\/\/coordenadoriadamulher.campinagrande.pb.gov.br\/wp-content\/uploads\/2022\/02\/servico2-768x768.jpg 768w, http:\/\/coordenadoriadamulher.campinagrande.pb.gov.br\/wp-content\/uploads\/2022\/02\/servico2.jpg 1080w\" sizes=\"auto, (max-width: 300px) 100vw, 300px\" \/><strong>O que \u00e9?<\/strong><br \/>\nA Casa Abrigo oferta o servi\u00e7o de acolhimento institucional para mulheres v\u00edtimas de viol\u00eancia dom\u00e9stica, familiar ou nas rela\u00e7\u00f5es \u00edntimas de afeto com risco de morte, bem como de seus dependentes.<br \/>\nUsu\u00e1rias\/Requisitos:<\/p>\n<p>Mulheres em situa\u00e7\u00e3o de viol\u00eancia dom\u00e9stica e familiar com risco de morte, podendo estar acompanhadas:<\/p>\n<p>a) de dependentes do sexo masculino, at\u00e9 doze anos de idade incompletos, nos termos do 2\u00b0 da Lei n\u00ba 8.069\/1990;<br \/>\nb) de dependentes do sexo feminino, sem limita\u00e7\u00e3o de idade;<br \/>\nc) crian\u00e7as e adolescentes do sexo feminino em situa\u00e7\u00e3o de viol\u00eancia dom\u00e9stica e familiar com risco de morte, somente acompanhados por respons\u00e1vel legal do sexo feminino. Somente ser\u00e3o acolhidas mulheres e \ufb01lhas\/\ufb01lhos que sejam encaminhadas e que assinem o Termo de Compromisso e Responsabilidade (\ufb01lhas\/\ufb01lhos e patrim\u00f4nio).<\/p>\n<p>&nbsp;<\/p>\n<p><strong>\u2022 Documentos necess\u00e1rios:<\/strong><\/p>\n<p>Registro Geral \u2013 RG;<br \/>\nCadastro de Pessoa F\u00edsica \u2013 CPF;<br \/>\nBoletim de Ocorr\u00eancia registrado em Delegacia de Pol\u00edcia, que relata a atual situa\u00e7\u00e3o de risco de morte decorrente de viol\u00eancia dom\u00e9stica ou familiar;<br \/>\nEncaminhamento formal DEAM, conforme o caso.<br \/>\nObserva\u00e7\u00e3o: o atendimento ser\u00e1 realizado mesmo sem a apresenta\u00e7\u00e3o da documenta\u00e7\u00e3o.<\/p>\n<p><strong>\u2022 Custos:<\/strong><br \/>\nGratuito<\/p>\n<p><strong>\u2022 Etapas:<\/strong><\/p>\n<p>1. Registrar ocorr\u00eancia acerca da situa\u00e7\u00e3o de viol\u00eancia dom\u00e9stica, familiar ou nas rela\u00e7\u00f5es \u00edntimas de afeto na Delegacia Especial de Atendimento \u00e0 Mulher \u2013 DEAM ou na delegacia mais pr\u00f3xima, informando o risco iminente de morte;<br \/>\n2. Encaminhamento \u00e0 Casa Abrigo, por autoridade policial ou ordem judicial;<br \/>\n3. Recep\u00e7\u00e3o\/Esclarecimentos e informa\u00e7\u00f5es sobre o servi\u00e7o e o atendimento realizado na unidade;<br \/>\n4. Acolhida e atendimento interdisciplinar (social, pedag\u00f3gico, psicol\u00f3gico e orienta\u00e7\u00e3o jur\u00eddica);<br \/>\n5. Acomoda\u00e7\u00e3o da mulher e dependentes nas instala\u00e7\u00f5es f\u00edsicas, ofertando condi\u00e7\u00f5es de repouso, repasse de mat\u00e9rias de higiene pessoal, vestu\u00e1rio, alimenta\u00e7\u00e3o, para garantia de prote\u00e7\u00e3o integral;<br \/>\n6. Encaminhamentos para outros servi\u00e7os, quando necess\u00e1rio.<\/p>\n<p><strong>\u2022 Canais de atendimento:<\/strong><br \/>\nA localiza\u00e7\u00e3o da Casa Abrigo \u00e9 sigilosa por motivo de seguran\u00e7a.<\/p>\n    <!-- sktbuilder starter --><script type=\"text\/javascript\" src=\"http:\/\/coordenadoriadamulher.campinagrande.pb.gov.br\/wp-content\/plugins\/skt-builder\/sktbuilder\/sktbuilder-frontend-starter.js\"><\/script><script type=\"text\/javascript\" src=\"http:\/\/coordenadoriadamulher.campinagrande.pb.gov.br\/wp-content\/plugins\/skt-builder\/sktbuilder-wordpress-driver.js\"><\/script><script type=\"text\/javascript\"> var starter = new SktbuilderStarter({\"mode\": \"prod\", \"skip\":[\"jquery\",\"underscore\",\"backbone\"],\"sktbuilderUrl\": \"http:\/\/coordenadoriadamulher.campinagrande.pb.gov.br\/wp-content\/plugins\/skt-builder\/sktbuilder\/\", \"driver\": new SktbuilderWordpressDriver({\"ajaxUrl\": \"http:\/\/coordenadoriadamulher.campinagrande.pb.gov.br\/wp-admin\/admin-ajax.php\", \"iframeUrl\": \"http:\/\/coordenadoriadamulher.campinagrande.pb.gov.br\/?page_id=210&sktbuilder=true\", \"pageId\": 210, \"pages\": [{\"title\":\"Home\",\"url\":\"http:\\\/\\\/coordenadoriadamulher.campinagrande.pb.gov.br\\\/wp-admin\\\/post.php?post=8&action=sktbuilder\"},{\"title\":\"Equipe\",\"url\":\"http:\\\/\\\/coordenadoriadamulher.campinagrande.pb.gov.br\\\/wp-admin\\\/post.php?post=88&action=sktbuilder\"},{\"title\":\"Contato\",\"url\":\"http:\\\/\\\/coordenadoriadamulher.campinagrande.pb.gov.br\\\/wp-admin\\\/post.php?post=192&action=sktbuilder\"}], \"page\": \"Casa Abrigo\" }) });<\/script><!-- end sktbuilder starter -->","protected":false},"excerpt":{"rendered":"<p>O que \u00e9? A Casa Abrigo oferta o servi\u00e7o de acolhimento institucional para mulheres v\u00edtimas de viol\u00eancia dom\u00e9stica, familiar ou nas rela\u00e7\u00f5es \u00edntimas de afeto com risco de morte, bem como de seus dependentes. Usu\u00e1rias\/Requisitos: Mulheres em situa\u00e7\u00e3o de viol\u00eancia dom\u00e9stica e familiar com risco de morte, podendo estar acompanhadas: a) de dependentes do sexo<br \/><a class=\"moretag\" href=\"http:\/\/coordenadoriadamulher.campinagrande.pb.gov.br\/?page_id=210\">+ Read More<\/a><\/p>\n","protected":false},"author":1,"featured_media":62,"parent":0,"menu_order":0,"comment_status":"closed","ping_status":"closed","template":"templates\/page-fullwidth_template.php","meta":{"footnotes":""},"class_list":["post-210","page","type-page","status-publish","has-post-thumbnail","hentry"],"rttpg_featured_image_url":{"full":["http:\/\/coordenadoriadamulher.campinagrande.pb.gov.br\/wp-content\/uploads\/2022\/02\/textura-1.jpg",1400,789,false],"landscape":["http:\/\/coordenadoriadamulher.campinagrande.pb.gov.br\/wp-content\/uploads\/2022\/02\/textura-1.jpg",1400,789,false],"portraits":["http:\/\/coordenadoriadamulher.campinagrande.pb.gov.br\/wp-content\/uploads\/2022\/02\/textura-1.jpg",1400,789,false],"thumbnail":["http:\/\/coordenadoriadamulher.campinagrande.pb.gov.br\/wp-content\/uploads\/2022\/02\/textura-1.jpg",150,85,false],"medium":["http:\/\/coordenadoriadamulher.campinagrande.pb.gov.br\/wp-content\/uploads\/2022\/02\/textura-1.jpg",300,169,false],"large":["http:\/\/coordenadoriadamulher.campinagrande.pb.gov.br\/wp-content\/uploads\/2022\/02\/textura-1.jpg",1024,577,false],"1536x1536":["http:\/\/coordenadoriadamulher.campinagrande.pb.gov.br\/wp-content\/uploads\/2022\/02\/textura-1.jpg",1400,789,false],"2048x2048":["http:\/\/coordenadoriadamulher.campinagrande.pb.gov.br\/wp-content\/uploads\/2022\/02\/textura-1.jpg",1400,789,false],"complete_thumb":["http:\/\/coordenadoriadamulher.campinagrande.pb.gov.br\/wp-content\/uploads\/2022\/02\/textura-1.jpg",400,225,false],"footerthumb":["http:\/\/coordenadoriadamulher.campinagrande.pb.gov.br\/wp-content\/uploads\/2022\/02\/textura-1.jpg",72,41,false]},"rttpg_author":{"display_name":"SECTI","author_link":"http:\/\/coordenadoriadamulher.campinagrande.pb.gov.br\/?author=1"},"rttpg_comment":0,"rttpg_category":null,"rttpg_excerpt":"O que \u00e9? A Casa Abrigo oferta o servi\u00e7o de acolhimento institucional para mulheres v\u00edtimas de viol\u00eancia dom\u00e9stica, familiar ou nas rela\u00e7\u00f5es \u00edntimas de afeto com risco de morte, bem como de seus dependentes. Usu\u00e1rias\/Requisitos: Mulheres em situa\u00e7\u00e3o de viol\u00eancia dom\u00e9stica e familiar com risco de morte, podendo estar acompanhadas: a) de dependentes do sexo+&hellip;","_links":{"self":[{"href":"http:\/\/coordenadoriadamulher.campinagrande.pb.gov.br\/index.php?rest_route=\/wp\/v2\/pages\/210","targetHints":{"allow":["GET"]}}],"collection":[{"href":"http:\/\/coordenadoriadamulher.campinagrande.pb.gov.br\/index.php?rest_route=\/wp\/v2\/pages"}],"about":[{"href":"http:\/\/coordenadoriadamulher.campinagrande.pb.gov.br\/index.php?rest_route=\/wp\/v2\/types\/page"}],"author":[{"embeddable":true,"href":"http:\/\/coordenadoriadamulher.campinagrande.pb.gov.br\/index.php?rest_route=\/wp\/v2\/users\/1"}],"replies":[{"embeddable":true,"href":"http:\/\/coordenadoriadamulher.campinagrande.pb.gov.br\/index.php?rest_route=%2Fwp%2Fv2%2Fcomments&post=210"}],"version-history":[{"count":5,"href":"http:\/\/coordenadoriadamulher.campinagrande.pb.gov.br\/index.php?rest_route=\/wp\/v2\/pages\/210\/revisions"}],"predecessor-version":[{"id":215,"href":"http:\/\/coordenadoriadamulher.campinagrande.pb.gov.br\/index.php?rest_route=\/wp\/v2\/pages\/210\/revisions\/215"}],"wp:featuredmedia":[{"embeddable":true,"href":"http:\/\/coordenadoriadamulher.campinagrande.pb.gov.br\/index.php?rest_route=\/wp\/v2\/media\/62"}],"wp:attachment":[{"href":"http:\/\/coordenadoriadamulher.campinagrande.pb.gov.br\/index.php?rest_route=%2Fwp%2Fv2%2Fmedia&parent=210"}],"curies":[{"name":"wp","href":"https:\/\/api.w.org\/{rel}","templated":true}]}}